{"id":107,"date":"2017-09-25T17:34:22","date_gmt":"2017-09-25T17:34:22","guid":{"rendered":"https:\/\/demosthene.gkwebdesign.lu\/?page_id=107"},"modified":"2024-11-16T16:57:40","modified_gmt":"2024-11-16T16:57:40","slug":"ma-bio","status":"publish","type":"page","link":"https:\/\/www.demosthene.biz\/?page_id=107","title":{"rendered":"MA BIO"},"content":{"rendered":"<div id='mabio'  class='avia-section av-ls2xn-8e1f7bee53ecc58a009daf120073d4ab main_color avia-section-default avia-no-shadow  avia-builder-el-0  avia-builder-el-no-sibling  avia-bg-style-scroll container_wrap fullsize'  ><div class=\"av-section-color-overlay-wrap\"><a href='#next-section' title='' class='scroll-down-link ' aria-hidden='true' data-av_icon='\ue877' data-av_iconfont='entypo-fontello'><\/a><div class='container av-section-cont-open' ><main  role=\"main\" itemprop=\"mainContentOfPage\"  class='template-page content  av-content-full alpha units'><div class='post-entry post-entry-type-page post-entry-107'><div class='entry-content-wrapper clearfix'>\n\n<style type=\"text\/css\" data-created_by=\"avia_inline_auto\" id=\"style-css-av-fyrfv-7c9b010313f2de01da8573c7d3ff7bb4\">\n#top .av-special-heading.av-fyrfv-7c9b010313f2de01da8573c7d3ff7bb4{\npadding-bottom:10px;\n}\nbody .av-special-heading.av-fyrfv-7c9b010313f2de01da8573c7d3ff7bb4 .av-special-heading-tag .heading-char{\nfont-size:25px;\n}\n.av-special-heading.av-fyrfv-7c9b010313f2de01da8573c7d3ff7bb4 .av-subheading{\nfont-size:15px;\n}\n<\/style>\n<div  class='av-special-heading av-fyrfv-7c9b010313f2de01da8573c7d3ff7bb4 av-special-heading-h3  avia-builder-el-1  el_before_av_textblock  avia-builder-el-first '><h3 class='av-special-heading-tag '  itemprop=\"headline\"  >MA BIO<\/h3><div class=\"special-heading-border\"><div class=\"special-heading-inner-border\"><\/div><\/div><\/div>\n<section  class='av_textblock_section av-7ipgb-2629a936252d26b9f15e1f5991d5e59d '   itemscope=\"itemscope\" itemtype=\"https:\/\/schema.org\/CreativeWork\" ><div class='avia_textblock'  itemprop=\"text\" ><div id=\"attachment_90\" style=\"width: 188px\" class=\"wp-caption alignright\"><a href=\"https:\/\/www.demosthene.biz\/wp-content\/uploads\/2017\/09\/demos_body.jpg\"><img loading=\"lazy\" decoding=\"async\" aria-describedby=\"caption-attachment-90\" class=\"wp-image-90 size-full alignright\" src=\"https:\/\/www.demosthene.biz\/wp-content\/uploads\/2017\/09\/demos_body.jpg\" alt=\"\" width=\"178\" height=\"240\" \/><\/a><p id=\"caption-attachment-90\" class=\"wp-caption-text\">Demosthene<\/p><\/div>\n<p align=\"justify\">N\u00e9 Ngainsi Defo Gilles D\u00c9MOSTH\u00c8NE, l\u2019artiste d\u00e9veloppe tr\u00e8s t\u00f4t une passion pour la connaissance et le savoir. Ses sujets favoris \u00e9taient les math\u00e9matiques, la physique, l\u2019\u00e9lectronique, la po\u00e9sie, la philosophie et la musique. Ces deux derni\u00e8res retiendront au mieux son attention.<br \/>\nD\u00c9MOSTH\u00c8NE a un tour de main curieux pour\u00a0 la pens\u00e9e critique, le d\u00e9bat, la m\u00e9lodie et le lyrisme.<\/p>\n<p align=\"justify\">Apr\u00e8s son baccalaur\u00e9at, Gilles \u00e9tudie en \u00e9lectrotechnique \u00e0 l\u2019universit\u00e9 de Stuttgart en Allemagne et se permet d\u2019acheter son premier clavier \u00e9lectronique musical. Chaque jour apr\u00e8s les cours magistraux et s\u00e9ances d\u2019exercices, D\u00e9mosth\u00e8ne passe des soir\u00e9es et nuits enti\u00e8res \u00e0 s\u2019exercer au clavier de musique en qu\u00eate de nouvelles m\u00e9lodies et sonorit\u00e9s sur cet instrument. Il fera bient\u00f4t le passage du clavier musical \u00e0 l\u2019ordinateur et commence l\u2019enregistrement de ses propres chansons pour sa musique.<\/p>\n<p align=\"justify\">Au terme de ses \u00e9tudes en 2004, D\u00e9mosth\u00e8ne accepte un poste d\u2019ing\u00e9nieur et consultant aupr\u00e8s d\u2019une des plus grandes entreprises automobiles du monde (BMW), avec pour particularit\u00e9 le test et l\u2019int\u00e9gration des micro-ordinateurs comme composantes du syst\u00e8me t\u00e9l\u00e9matique de v\u00e9hicules limousines.<\/p>\n<p>C\u2019est en cette p\u00e9riode que l\u2019artiste commence \u00e0 parfaire des chansons pour \u00ab AVANT-COUREURS \u00bb (c\u2019est-\u00e0-dire pr\u00e9curseurs), qui parle des pr\u00e9mices de ses \u00e9lans. Cette collection de chansons procurent un regard au travers des pens\u00e9es d\u2019un jeune professionnel talentueux \u2013 un gentleman multiculturel et international polyglotte \u00e9quilibr\u00e9 en trois langues : le Fran\u00e7ais, l\u2019Anglais, l\u2019Allemand.<\/p>\n<\/div><\/section>\n\n","protected":false},"excerpt":{"rendered":"","protected":false},"author":1,"featured_media":0,"parent":0,"menu_order":0,"comment_status":"closed","ping_status":"closed","template":"","meta":{"h5ap_radio_sources":[],"footnotes":""},"class_list":["post-107","page","type-page","status-publish","hentry"],"_links":{"self":[{"href":"https:\/\/www.demosthene.biz\/index.php?rest_route=\/wp\/v2\/pages\/107","targetHints":{"allow":["GET"]}}],"collection":[{"href":"https:\/\/www.demosthene.biz\/index.php?rest_route=\/wp\/v2\/pages"}],"about":[{"href":"https:\/\/www.demosthene.biz\/index.php?rest_route=\/wp\/v2\/types\/page"}],"author":[{"embeddable":true,"href":"https:\/\/www.demosthene.biz\/index.php?rest_route=\/wp\/v2\/users\/1"}],"replies":[{"embeddable":true,"href":"https:\/\/www.demosthene.biz\/index.php?rest_route=%2Fwp%2Fv2%2Fcomments&post=107"}],"version-history":[{"count":2,"href":"https:\/\/www.demosthene.biz\/index.php?rest_route=\/wp\/v2\/pages\/107\/revisions"}],"predecessor-version":[{"id":746,"href":"https:\/\/www.demosthene.biz\/index.php?rest_route=\/wp\/v2\/pages\/107\/revisions\/746"}],"wp:attachment":[{"href":"https:\/\/www.demosthene.biz\/index.php?rest_route=%2Fwp%2Fv2%2Fmedia&parent=107"}],"curies":[{"name":"wp","href":"https:\/\/api.w.org\/{rel}","templated":true}]}}