{"id":84,"date":"2017-09-15T20:24:40","date_gmt":"2017-09-15T20:24:40","guid":{"rendered":"https:\/\/demosthene.gkwebdesign.lu\/?page_id=84"},"modified":"2024-11-17T19:41:46","modified_gmt":"2024-11-17T19:41:46","slug":"bienvenue-sur-le-site-demosthene","status":"publish","type":"page","link":"https:\/\/www.demosthene.biz\/","title":{"rendered":"BIENVENUE SUR LE SITE DEMOSTHENE"},"content":{"rendered":"<div id='acceuil'  class='avia-section av-36cqc-d3ec5fd4f9ee02846701f277156eb100 main_color avia-section-default avia-no-shadow  avia-builder-el-0  avia-builder-el-no-sibling  avia-bg-style-scroll container_wrap fullsize'  ><div class=\"av-section-color-overlay-wrap\"><a href='#next-section' title='' class='scroll-down-link ' aria-hidden='true' data-av_icon='\ue877' data-av_iconfont='entypo-fontello'><\/a><div class='container av-section-cont-open' ><main  role=\"main\" itemprop=\"mainContentOfPage\"  class='template-page content  av-content-full alpha units'><div class='post-entry post-entry-type-page post-entry-84'><div class='entry-content-wrapper clearfix'>\n\n<style type=\"text\/css\" data-created_by=\"avia_inline_auto\" id=\"style-css-av-2h60o-edae2e5b695427f39f2fca06b4e5bbdf\">\n.flex_column.av-2h60o-edae2e5b695427f39f2fca06b4e5bbdf{\nborder-radius:0px 0px 0px 0px;\npadding:0px 0px 0px 0px;\n}\n<\/style>\n<div  class='flex_column av-2h60o-edae2e5b695427f39f2fca06b4e5bbdf av_one_full  avia-builder-el-1  avia-builder-el-no-sibling  first flex_column_div av-zero-column-padding  '     ><p>\n<style type=\"text\/css\" data-created_by=\"avia_inline_auto\" id=\"style-css-av-2b6a0-1297d4cd5a8aedbcf61196bdc2713f2a\">\n#top .av-special-heading.av-2b6a0-1297d4cd5a8aedbcf61196bdc2713f2a{\npadding-bottom:10px;\n}\nbody .av-special-heading.av-2b6a0-1297d4cd5a8aedbcf61196bdc2713f2a .av-special-heading-tag .heading-char{\nfont-size:25px;\n}\n.av-special-heading.av-2b6a0-1297d4cd5a8aedbcf61196bdc2713f2a .av-subheading{\nfont-size:15px;\n}\n<\/style>\n<div  class='av-special-heading av-2b6a0-1297d4cd5a8aedbcf61196bdc2713f2a av-special-heading-h3  avia-builder-el-2  el_before_av_textblock  avia-builder-el-first '><h3 class='av-special-heading-tag '  itemprop=\"headline\"  >BIENVENUE SUR LE SITE DEMOSTHENE<\/h3><div class=\"special-heading-border\"><div class=\"special-heading-inner-border\"><\/div><\/div><\/div><br \/>\n<section  class='av_textblock_section av-1kpnk-59e9bd2668cf7130a27b42bd54350b94 '   itemscope=\"itemscope\" itemtype=\"https:\/\/schema.org\/CreativeWork\" ><div class='avia_textblock'  itemprop=\"text\" ><p align=\"justify\">Je suis ravi de vous avoir comme visiteur, en particulier si vous \u00eates gestionnaire ou repr\u00e9sentant ou op\u00e9rateur de Label de musique, votre impression de ma musique et du travail encore \u00e0 r\u00e9aliser pour toute forme d\u2019am\u00e9lioration dans le cadre d\u2019une \u00e9ventuelle coop\u00e9ration est d\u2019une importance capitale. C\u2019est bien ce souci qui justifie mon souhait de trouver en vous des collaborateurs ad\u00e9quats pour une sortie de disque officielle proche, suivie d\u2019une distribution et promotion appropri\u00e9es de \u00ab\u00a0<strong>AVANT-COUREURS<\/strong>\u00a0\u00bb.<\/p>\n<p align=\"justify\">Pour avoir un aper\u00e7u de mon profil dirigez-vous vers la section \u00ab\u00a0<strong>Biographie<\/strong>\u00a0\u00bb.<\/p>\n<p align=\"justify\">Les potentiels collaborateurs et partenaires musicaux sont convi\u00e9s \u00e0 se reporter directement \u00e0 la section \u00ab\u00a0<strong>\u00c9v\u00e9nement<\/strong>\u00a0\u00bb du site.<\/p>\n<p align=\"justify\">Si vous avez des critiques propres \u00e0 apporter une quelconque contribution dans le souci actuel d\u2019am\u00e9lioration de ce site ou de son concept, vous \u00eates cordialement invit\u00e9s \u00e0 vous prononcer dans la rubrique \u00ab\u00a0<strong>Contact<\/strong>\u00a0\u00bb.<\/p>\n<p align=\"justify\">Je vous souhaite du plaisir dans votre parcours de ce site et venez nombreux nous visiter bient\u00f4t&#8230;<\/p>\n<div>\n<p><em><strong>A SPOT FOR LOVE<\/strong><\/em><\/p>\n<div>THE DEBUT SINGLE<\/div>\n<\/div>\n<\/div><\/section><br \/>\n\n<style type=\"text\/css\" data-created_by=\"avia_inline_auto\" id=\"style-css-av-seio-a6520f54a7a648304b1614ae8b47cf79\">\n.avia-image-container.av-seio-a6520f54a7a648304b1614ae8b47cf79 img.avia_image{\nbox-shadow:none;\n}\n.avia-image-container.av-seio-a6520f54a7a648304b1614ae8b47cf79 .av-image-caption-overlay-center{\ncolor:#ffffff;\n}\n<\/style>\n<div  class='avia-image-container av-seio-a6520f54a7a648304b1614ae8b47cf79 av-styling- avia-align-center  avia-builder-el-4  el_after_av_textblock  avia-builder-el-last '   itemprop=\"image\" itemscope=\"itemscope\" itemtype=\"https:\/\/schema.org\/ImageObject\" ><div class=\"avia-image-container-inner\"><div class=\"avia-image-overlay-wrap\"><img decoding=\"async\" fetchpriority=\"high\" class='wp-image-87 avia-img-lazy-loading-not-87 avia_image ' src=\"https:\/\/www.demosthene.biz\/wp-content\/uploads\/2017\/09\/POSTER.jpg\" alt='' title='POSTER'  height=\"562\" width=\"553\"  itemprop=\"thumbnailUrl\" srcset=\"https:\/\/www.demosthene.biz\/wp-content\/uploads\/2017\/09\/POSTER.jpg 553w, https:\/\/www.demosthene.biz\/wp-content\/uploads\/2017\/09\/POSTER-80x80.jpg 80w, https:\/\/www.demosthene.biz\/wp-content\/uploads\/2017\/09\/POSTER-295x300.jpg 295w, https:\/\/www.demosthene.biz\/wp-content\/uploads\/2017\/09\/POSTER-36x36.jpg 36w, https:\/\/www.demosthene.biz\/wp-content\/uploads\/2017\/09\/POSTER-450x457.jpg 450w\" sizes=\"(max-width: 553px) 100vw, 553px\" \/><\/div><\/div><\/div><\/p><\/div>\n","protected":false},"excerpt":{"rendered":"","protected":false},"author":1,"featured_media":0,"parent":0,"menu_order":0,"comment_status":"closed","ping_status":"closed","template":"","meta":{"h5ap_radio_sources":[],"footnotes":""},"class_list":["post-84","page","type-page","status-publish","hentry"],"_links":{"self":[{"href":"https:\/\/www.demosthene.biz\/index.php?rest_route=\/wp\/v2\/pages\/84","targetHints":{"allow":["GET"]}}],"collection":[{"href":"https:\/\/www.demosthene.biz\/index.php?rest_route=\/wp\/v2\/pages"}],"about":[{"href":"https:\/\/www.demosthene.biz\/index.php?rest_route=\/wp\/v2\/types\/page"}],"author":[{"embeddable":true,"href":"https:\/\/www.demosthene.biz\/index.php?rest_route=\/wp\/v2\/users\/1"}],"replies":[{"embeddable":true,"href":"https:\/\/www.demosthene.biz\/index.php?rest_route=%2Fwp%2Fv2%2Fcomments&post=84"}],"version-history":[{"count":18,"href":"https:\/\/www.demosthene.biz\/index.php?rest_route=\/wp\/v2\/pages\/84\/revisions"}],"predecessor-version":[{"id":455,"href":"https:\/\/www.demosthene.biz\/index.php?rest_route=\/wp\/v2\/pages\/84\/revisions\/455"}],"wp:attachment":[{"href":"https:\/\/www.demosthene.biz\/index.php?rest_route=%2Fwp%2Fv2%2Fmedia&parent=84"}],"curies":[{"name":"wp","href":"https:\/\/api.w.org\/{rel}","templated":true}]}}